{"id":24437,"date":"2017-04-11T16:53:10","date_gmt":"2017-04-11T19:53:10","guid":{"rendered":"http:\/\/www.bellacamboriu.com.br\/en\/?page_id=24437"},"modified":"2025-10-17T17:04:10","modified_gmt":"2025-10-17T20:04:10","slug":"rates-and-reservations","status":"publish","type":"page","link":"https:\/\/www.bellacamboriu.com.br\/en\/rates-and-reservations\/","title":{"rendered":"Rates and Reservations"},"content":{"rendered":"<div class=\"wpb-content-wrapper\"><p>[vc_row enable_overlay=&#8221;off&#8221; seperator_enable=&#8221;off&#8221; css=&#8221;.vc_custom_1486497597861{margin-top: 0px !important;margin-bottom: 0px !important;padding-top: 24px !important;padding-bottom: 40px !important;}&#8221;][vc_column width=&#8221;2\/3&#8243; el_class=&#8221;center&#8221;]<div class=\"boc_spacing \" style=\"height: 20px\"><\/div>[vc_column_text]<\/p>\n<h2>Book directly on our website.<\/h2>\n<p>[\/vc_column_text][\/vc_column][vc_column width=&#8221;1\/3&#8243; el_class=&#8221;center&#8221;]<div class=\"boc_spacing \" style=\"height: 20px\"><\/div><a\thref=\"https:\/\/book.omnibees.com\/hotelresults?q=5694\" \n\t\t\t\tclass=\"button btn_huge btn_theme_color btn_circled btn_normal_style icon_pos_after btn_icon_anim_in  \"  target='_blank'><span>Book Now<\/span> <i class='icon icon-cart2'><\/i> <\/a>[\/vc_column][\/vc_row][vc_row][vc_column]\r\n\t\t<!--New Tabs-->\r\n\t\t<div class=\"newtabs clearfix vertical \">\r\n\t\t\t<ul class=\"resp-tabs-list\">\r\n\t\t\t<\/ul>\r\n\t\t\t<div class=\"resp-tabs-container\">\r\n\t\t<div class=\"single_tab_div\" rel-title=\"General Remarks\" rel-icon=\"icon icon-info3\"><h3 class=\"boc_heading  al_left  bgr_dotted  \"  style=\"margin-bottom: 20px;margin-top: 0px;color: #333333;\"><span>General<strong> Remarks<\/strong> <\/span><\/h3>[vc_column_text css=&#8221;&#8221;]<\/p>\n<ul>\n<li>Daily rates are in Brazilian Reais (R$).<\/li>\n<li>Children\u2019s Policy<\/li>\n<\/ul>\n<p>Non-paying child: One child up to 4 years old, when accommodated with two paying guests in the same room, stays for free.<\/p>\n<p>The non-paying child is not entitled to a bed. In the case of babies, the person responsible for the reservation may request a crib at the time of booking.<br \/>\nIf the hotel has availability, a room with an extra bed will be assigned for the non-paying child.<br \/>\nIf a family has more than one child under 4 years old per room, the additional children will be considered paying guests to ensure proper accommodation. All children must be mentioned at the time of booking.<\/p>\n<p><strong>VERY IMPORTANT<\/strong>: We remind you that, according to the Statute of the Child and Adolescent, all minors must present their identification documents at check-in and have a letter of authorization if not accompanied by their parents or legal guardians.<\/p>\n<ul>\n<li>Breakfast is included in the daily rate when served in the breakfast room from 6:30 a.m. to 10:00 a.m.<\/li>\n<li>We do not charge a service fee.<\/li>\n<li>A Room Tax (tourism tax) of R$ 4.00 per room\/day will be charged.<\/li>\n<li>Check-in: 2:00 p.m. | Check-out: 12:00 p.m. (noon)<\/li>\n<li>Tour groups: Check-in starts at 2:00 p.m. and check-out is at 11:00 a.m., due to the high number of rooms used and the need to prepare for incoming guests.<\/li>\n<li>The hotel is not equipped to accommodate pets.<\/li>\n<li>Parking is available by reservation, at a rate of R$ 40.00 per vehicle per day.<\/li>\n<li>Guests traveling with large vehicles (trucks) are asked to contact the hotel in advance to confirm availability, as the garage is located in a building with size limitations. <a href=\"https:\/\/wa.me\/5547992615595?text=Ol%C3%A1%20vim%20pelo%20site%20Bella%20Cambori%C3%BA%20para%20tratar%20sobre%20vaga%20de%20garagem\" target=\"_blank\" rel=\"noopener\">WhatsApp: +55 47 99261-5595<\/a><\/li>\n<\/ul>\n<p>[\/vc_column_text]<\/div><div class=\"single_tab_div\" rel-title=\"Booking Conditions\" rel-icon=\"icon icon-list-ul\"><h3 class=\"boc_heading  al_left  bgr_dotted  \"  style=\"margin-bottom: 20px;margin-top: 0px;color: #333333;\"><span>Booking <strong>Conditions<\/strong> <\/span><\/h3>[vc_column_text]<\/p>\n<ul>\n<li>Reservations made directly with the hotel will always require advance payment.<\/li>\n<li>This payment will be made subject to the chosen rate condition.<\/li>\n<li>For reservations made abroad, the only way to guarantee the reservation is to send data from an international credit card. It is not possible to pay in installments for cards issued outside Brazil.<\/li>\n<li>We remind customers that it is impossible to make a \u201cnot present\u201d payment with a debit card. The banking system does not allow it.<\/li>\n<li>Free cancellation up to 14 days before check-in.<\/li>\n<\/ul>\n<p>[\/vc_column_text]<\/div><div class=\"single_tab_div\" rel-title=\"Cancellation Policies\" rel-icon=\"icon icon-exclamation\"><h3 class=\"boc_heading  al_left  bgr_dotted  \"  style=\"margin-bottom: 20px;margin-top: 0px;color: #333333;\"><span>Cancellation <strong>Policies<\/strong> <\/span><\/h3>[vc_column_text]<\/p>\n<ul>\n<li>Reservations canceled up to 30 days before check-in date will incur in a 10% fee, out of the total amount of the reservation. The remaining amount will be returned.<\/li>\n<li>Reservations canceled within 30 days prior to check-in date will incur in a 50% fee, out of the total amount of the reservation. The remaining amount will be returned.<\/li>\n<li>Reservations not formally canceled up to 02 days prior to check-in will not have any returned amounts.<\/li>\n<li>Reservations with payments in advance (pre-payment, partial or full) shall be canceled by email only, at <a href=\"mailto:hotel@bellacamboriu.com.br\" target=\"_blank\" rel=\"noopener noreferrer\">hotel@bellacamboriu.com.br<\/a> . Any refund to the customer will be only possible upon cancellation request by email, respecting the deadlines above.<\/li>\n<\/ul>\n<p>[\/vc_column_text]<\/div><div class=\"single_tab_div\" rel-title=\"Children&#039;s Accommodation\" rel-icon=\"icon icon-users2\"><h3 class=\"boc_heading  al_left  bgr_dotted  \"  style=\"margin-bottom: 20px;margin-top: 0px;color: #333333;\"><span>Children&#8217;s <strong>Accommodation<\/strong> <\/span><\/h3>[vc_column_text]<\/p>\n<ul>\n<li style=\"font-weight: 400;\" aria-level=\"1\"><span style=\"font-weight: 400;\">Children under eighteen years old can only stay with their parents or legal guardian, upon presentation of supporting documentation (guardian and child documents proving the relationship, such as photo ID card or birth certificate).<\/span><\/li>\n<li style=\"font-weight: 400;\" aria-level=\"1\"><span style=\"font-weight: 400;\">Minors accompanied by other relatives, such as uncles, grandparents, cousins, etc., must present a photo ID card or birth certificate and an original written authorization from their parents, with signatures duly recognized in a notary\u2019s office, when checking-in. This written authorization must inform check-in and check-out dates, the reason for the child\u2019s accommodation and the parent\u2019s phone number. <\/span><span style=\"font-weight: 400;\"><a href=\"https:\/\/www.bellacamboriu.com.br\/wp-content\/uploads\/2021\/05\/AUTORIZA\u00c7\u00c3O-HOSPEDAGEM-Bella-Cambori\u00fa.pdf\" target=\"_blank\" rel=\"noopener noreferrer\">CLICK HERE FOR THE AUTHORIZATION MODEL<\/a> <\/span><\/li>\n<li style=\"font-weight: 400;\" aria-level=\"1\"><span style=\"font-weight: 400;\">Under the regulations of Federal Law 8.069, of July 13th, 1990, it is prohibited to accommodate children under the age of eighteen years unaccompanied by their parents, without a document authorizing their accommodation.<\/span><\/li>\n<li style=\"font-weight: 400;\" aria-level=\"1\"><span style=\"font-weight: 400;\">All children and teenagers must show proof of identity or birth certificate upon check-in. WITHOUT THE PRESENTATION OF ANY OF THESE DOCUMENTS, THE ACCOMMODATION WILL NOT BE POSSIBLE.<\/span><\/li>\n<li><\/li>\n<\/ul>\n<p>[\/vc_column_text]<\/div><\/div>\r\n\t\t\t\t<\/div>[\/vc_column][\/vc_row][vc_row][vc_column][vc_column_text]<\/p>\n<p>[\/vc_column_text][\/vc_column][\/vc_row][vc_row full_width=&#8221;stretch_row&#8221; css=&#8221;.vc_custom_1491593572483{margin-bottom: 0px !important;padding-top: 20px !important;}&#8221;][vc_column]<div class=\"text_box white_text box_no_bgr \"><div class=\"text_box_content \"><h2>Make your online booking<\/h2>\r\n\t\t\t\t\t<p><\/p>\r\n\t\t\t\t<\/div><\/div>[vc_column_text][vc_row el_class=\"form_container\" full_width=\"stretch_row\" bg_type=\"bg_color\" bg_color_value=\"#004776\"]<form name=\"motor-reserva\" id=\"motor-reserva\" class=\"motor-reserva clearfix\" action=\"https:\/\/book.omnibees.com\/hotelresults\" target=\"_blank\" autocomplete=\"off\"><input type=\"hidden\" value=\"5694\" name=\"q\" \/><input type=\"hidden\" value=\"1\" name=\"NRooms\" \/><input type=\"hidden\" value=\"en\" name=\"lang\" \/><input type=\"hidden\" value=\"\" name=\"CheckIn\" id=\"CheckIn\" \/><input type=\"hidden\" value=\"\" name=\"CheckOut\" id=\"CheckOut\" \/><input type=\"hidden\" value=\"\" name=\"ag\" id=\"ag\"\/>[vc_column width=\"1\/5\"]<label for=\"_checkin\" class=\"control-label\">Check-in<\/label><input type=\"text\" id=\"_checkin\" name=\"_checkin\" class=\"from caledarioFrom datepicker\" placeholder=\"check-in\" \/>[\/vc_column][vc_column width=\"1\/5\"]<label for=\"_checkout\" class=\"control-label\">Check-out<\/label><input type=\"text\" id=\"_checkout\" name=\"_checkout\" class=\"to caledarioTo datepicker\" placeholder=\"check-out\" \/>[\/vc_column][vc_column width=\"1\/5\"]<label for=\"ad\" class=\"control-label\">Adults<\/label><select name=\"ad\" id=\"ad\" class=\"select\" placeholder=\"Adults\">\n<option value=\"1\" selected=\"selected\">1<\/option>\n<option value=\"2\">2<\/option>\n<option value=\"3\">3<\/option>\n<option value=\"4\">4<\/option>\n<option value=\"5\">5<\/option>\n<option value=\"6\">6<\/option>\n<option value=\"7\">7<\/option>\n<option value=\"8\">8<\/option>\n<option value=\"9\">9<\/option>\n<option value=\"10\">10<\/option>\n<\/select>[\/vc_column][vc_column width=\"1\/5\" el_class=\"criancas\"]<div class=\"criancas-container\"><label for=\"ch\" class=\"control-label\">Children<\/label><select name=\"ch\" id=\"ch\" class=\"select\" placeholder=\"Children\">\n<option value=\"0\" selected=\"selected\">0<\/option>\n<option value=\"1\">1<\/option>\n<option value=\"2\">2<\/option>\n<option value=\"3\">3<\/option>\n<option value=\"4\">4<\/option>\n<option value=\"5\">5<\/option>\n<option value=\"6\">6<\/option>\n<option value=\"7\">7<\/option>\n<option value=\"8\">8<\/option>\n<option value=\"9\">9<\/option>\n<option value=\"10\">10<\/option>\n<\/select>\n<\/div>[\/vc_column][vc_column width=\"1\/5\"]<label for=\"code\" class=\"control-label\">Promo Code<\/label><input type=\"text\" id=\"Code\" name=\"Code\" class=\"promo\" placeholder=\"\" \/><input type=\"submit\" class=\"button btn_medium_stretched btn_theme_color btn_circled btn_normal_style\" style=\"margin-top: 1em;\" value=\"Search\" \/>[\/vc_column]\n<\/form>[\/vc_row]\n<div class=\"crianca crianca-CC hidden\"><label class=\"control-label\">Child CC (age)<\/label><select name=\"childrenage-CC\" id=\"childrenage-CC\" class=\"select\" placeholder=\"Child CC (age)\">\n<option value=\"0\" selected=\"selected\">0<\/option>\n<option value=\"1\">1<\/option>\n<option value=\"2\">2<\/option>\n<option value=\"3\">3<\/option>\n<option value=\"4\">4<\/option>\n<option value=\"5\">5<\/option>\n<option value=\"6\">6<\/option>\n<option value=\"7\">7<\/option>\n<option value=\"8\">8<\/option>\n<option value=\"9\">9<\/option>\n<option value=\"10\">10<\/option>\n<option value=\"11\">11<\/option>\n<option value=\"12\">12<\/option>\n<option value=\"13\">13<\/option>\n<option value=\"14\">14<\/option>\n<option value=\"15\">15<\/option>\n<option value=\"16\">16<\/option>\n<option value=\"17\">17<\/option>\n<\/select>\n<\/div><link rel=\"stylesheet\" href=\"\/\/code.jquery.com\/ui\/1.12.1\/themes\/base\/jquery-ui.css\">\n<style>.hidden { display: none; } .crianca { margin-top: 10px; }<\/style>\n<script src=\"https:\/\/code.jquery.com\/ui\/1.12.1\/jquery-ui.js\"><\/script>\n<script>\n(function($){\n\t\/\/datepicker\n\t$.datepicker.regional['pt-BR'] = {\n\t\tcloseText: 'Fechar',\n\t\tprevText: '&#x3c;Anterior',\n\t\tnextText: 'Pr&oacute;ximo&#x3e;',\n\t\tcurrentText: 'Hoje',\n\t\tmonthNames: ['Janeiro','Fevereiro','Mar&ccedil;o','Abril','Maio','Junho',\n\t\t'Julho','Agosto','Setembro','Outubro','Novembro','Dezembro'],\n\t\tmonthNamesShort: ['Jan','Fev','Mar','Abr','Mai','Jun',\n\t\t'Jul','Ago','Set','Out','Nov','Dez'],\n\t\tdayNames: ['Domingo','Segunda-feira','Ter&ccedil;a-feira','Quarta-feira','Quinta-feira','Sexta-feira','S&aacute;bado'],\n\t\tdayNamesShort: ['Dom','Seg','Ter','Qua','Qui','Sex','S&aacute;b'],\n\t\tdayNamesMin: ['Dom','Seg','Ter','Qua','Qui','Sex','S&aacute;b'],\n\t\t\/\/dayNamesMin: ['D','S','T','Q','Q','S','S'],\n\t\tweekHeader: 'Sm',\n\t\tdateFormat: 'dd\/mm\/yy',\n\t\tfirstDay: 0,\n\t\tisRTL: false,\n\t\tshowMonthAfterYear: false,\n\t\tyearSuffix: ''};\n   \n   $.datepicker.regional.es = {\n\tcloseText: \"Cerrar\",\n\tprevText: \"&#x3C;Ant\",\n\tnextText: \"Sig&#x3E;\",\n\tcurrentText: \"Hoy\",\n\tmonthNames: [ \"enero\",\"febrero\",\"marzo\",\"abril\",\"mayo\",\"junio\",\n\t\"julio\",\"agosto\",\"septiembre\",\"octubre\",\"noviembre\",\"diciembre\" ],\n\tmonthNamesShort: [ \"ene\",\"feb\",\"mar\",\"abr\",\"may\",\"jun\",\n\t\"jul\",\"ago\",\"sep\",\"oct\",\"nov\",\"dic\" ],\n\tdayNames: [ \"domingo\",\"lunes\",\"martes\",\"mi&eacute;rcoles\",\"jueves\",\"viernes\",\"s&aacute;bado\" ],\n\tdayNamesShort: [ \"dom\",\"lun\",\"mar\",\"mi&eacute;\",\"jue\",\"vie\",\"s&aacute;b\" ],\n  dayNamesMin: [ \"dom\",\"lun\",\"mar\",\"mi&eacute;\",\"jue\",\"vie\",\"s&aacute;b\" ],\n\t\/\/dayNamesMin: [ \"D\",\"L\",\"M\",\"X\",\"J\",\"V\",\"S\" ],\n\tweekHeader: \"Sm\",\n\tdateFormat: \"dd\/mm\/yy\",\n\tfirstDay: 1,\n\tisRTL: false,\n\tshowMonthAfterYear: false,\n\tyearSuffix: \"\" };\n   \n   \n\t$.datepicker.setDefaults($.datepicker.regional['en']);\n\n\tvar _datePickerOptions = {\n\t\tchangeMonth: true,\n\t\tchangeYear: true\n\t}\n\t$(\".datepicker\").each(function() {\n\t\tvar dpEl = $(this),\n\t\t\toptions = $.extend({}, _datePickerOptions, dpEl.data()),\n\t\t\tid = dpEl.attr(\"id\");\n\t\tif (id == \"_checkin\") {\n\t\t\toptions.onSelect = function( selectedDate, dateObj ) {\n\t\t\t\tco = $(\"#_checkout\");\n\t\t\t\tco.datepicker( \"option\", \"minDate\", selectedDate );\n\t\t\t\t$(\"#CheckOut\").val(ccdUIDateToPT(co.data('datepicker')));\n\t\t\t\t$(\"#CheckIn\").val(ccdUIDateToPT(dateObj));\n\t\t\t}\n\t\t} else if (id == '_checkout') {\n\t\t\toptions.onSelect = function( selectedDate, dateObj ) {\t\t             \n\t\t\t\t$(\"#CheckOut\").val(ccdUIDateToPT(dateObj));\n\t\t\t}\n\t\t}\t\t\n\t\tdpEl.datepicker(options);\t\t\n\t});\n})(jQuery);\nfunction ccdUIDateToMysql(dateObj) {\n\tvar data = []\n\t\t, d = dateObj.currentDay.toString()\n\t\t, m = (dateObj.currentMonth + 1).toString()\n\t\t, y = dateObj.currentYear.toString()\n\t\t;\n\tif (d.length < 2) d = \"0\" + d;\n\tif (m.length < 2) m = \"0\" + m;\n\treturn y+\"-\"+m+\"-\"+d;\n}\n\n\/\/formato 05061978\nfunction ccdUIDateToPT(dateObj) {\n\tvar data = []\n\t\t, d = dateObj.currentDay.toString()\n\t\t, m = (dateObj.currentMonth + 1).toString()\n\t\t, y = dateObj.currentYear.toString()\n\t\t;\n\tif (d.length < 2) d = \"0\" + d;\n\tif (m.length < 2) m = \"0\" + m;\n\treturn d+m+y;\n}\nvar formEl = jQuery(\"#motor-reserva\")\n\nformEl.on(\"change\", '#ch', function() {\n        var formEl = jQuery(\"#motor-reserva\")\n        , novoNumCriancas = parseInt(formEl.find(\"#ch\").val())\n        , curCriancasSet = formEl.find(\".crianca\")\n        , numAtualCriancas = curCriancasSet.length\n        , html = ''\n        , i, tmp;\n\n        if (novoNumCriancas > numAtualCriancas) {\n                tmp = jQuery(\".crianca.hidden\")[0].outerHTML.replace(\" hidden\", \"\");\n                for (i=numAtualCriancas; i<novoNumCriancas; i++) {\n                        html += tmp.replace(\/CC\/g, (i+1).toString());\n                }\n                var insertAfterEl = (numAtualCriancas > 0)? curCriancasSet[numAtualCriancas - 1] : jQuery(\".criancas-container\");\n                jQuery(html).insertAfter(insertAfterEl);\n        } else if (novoNumCriancas < numAtualCriancas) {\n                for (i=novoNumCriancas+1; i<=numAtualCriancas; i++) {\n                        formEl.find(\".crianca-\"+i).remove();\n                }\n        }\n\n});\nformEl.submit(function() {\n        event.preventDefault();\n\n         var formEl = jQuery(\"#motor-reserva\")\n        , numAtualCriancas = formEl.find(\".crianca\").length\n        , ag = []\n        , toRemove = '#ad, #ch, #ag,  #_checkin, #_checkout';\n\n\n        for (i=1; i<=numAtualCriancas; i++) {\n                toRemove += ', #childrenage-' + i;\n                ag.push(formEl.find(\".crianca-\" + i + \" select\").val())\n        }\n\n        var fc = formEl.clone()\n        , hiddenInputs  = fc.find('input[type=hidden]')\n        , foundAg = false;\n\n        fc.find(toRemove).remove();\n\t\n\t\/\/remove hiddens tipo WronZHw...\n        hiddenInputs.each(function() {\n            if (foundAg) jQuery(this).remove();\n            if (jQuery(this).attr('name') == 'ag') {\n                  foundAg = true;\n            }\n        });\n\n        var qs = fc.serialize()+\"&ad=\" + formEl.find(\"#ad\").val() + \"&ch=\"+numAtualCriancas + \"&ag=\" + ag.join(\";\");\n\n        window.open(formEl.attr(\"action\") + \"?\" + qs);\n\n        return false;\n});\n\n<\/script>[\/vc_column_text][\/vc_column][\/vc_row]<\/p>\n<\/div>","protected":false},"excerpt":{"rendered":"<p>[vc_row enable_overlay=&#8221;off&#8221; seperator_enable=&#8221;off&#8221; css=&#8221;.vc_custom_1486497597861{margin-top: 0px !important;margin-bottom: 0px !important;padding-top: 24px !important;padding-bottom: 40px !important;}&#8221;][vc_column width=&#8221;2\/3&#8243; el_class=&#8221;center&#8221;][vc_column_text] Book directly on our website. [\/vc_column_text][\/vc_column][vc_column width=&#8221;1\/3&#8243; el_class=&#8221;center&#8221;][\/vc_column][\/vc_row][vc_row][vc_column][\/vc_column][\/vc_row][vc_row][vc_column][vc_column_text] [\/vc_column_text][\/vc_column][\/vc_row][vc_row full_width=&#8221;stretch_row&#8221; css=&#8221;.vc_custom_1491593572483{margin-bottom: 0px !important;padding-top: 20px !important;}&#8221;][vc_column][vc_column_text][\/vc_column_text][\/vc_column][\/vc_row]<\/p>\n","protected":false},"author":1,"featured_media":0,"parent":0,"menu_order":0,"comment_status":"closed","ping_status":"closed","template":"","meta":{"_monsterinsights_skip_tracking":false,"_monsterinsights_sitenote_active":false,"_monsterinsights_sitenote_note":"","_monsterinsights_sitenote_category":0,"footnotes":""},"class_list":["post-24437","page","type-page","status-publish","hentry"],"yoast_head":"<!-- This site is optimized with the Yoast SEO plugin v26.1.1 - https:\/\/yoast.com\/wordpress\/plugins\/seo\/ -->\n<title>Rates and Reservations - Hotel Bella Cambori\u00fa<\/title>\n<meta name=\"robots\" content=\"index, follow, max-snippet:-1, max-image-preview:large, max-video-preview:-1\" \/>\n<link rel=\"canonical\" href=\"https:\/\/www.bellacamboriu.com.br\/en\/rates-and-reservations\/\" \/>\n<meta property=\"og:locale\" content=\"en_US\" \/>\n<meta property=\"og:type\" content=\"article\" \/>\n<meta property=\"og:title\" content=\"Rates and Reservations - Hotel Bella Cambori\u00fa\" \/>\n<meta property=\"og:description\" content=\"[vc_row enable_overlay=&#8221;off&#8221; seperator_enable=&#8221;off&#8221; css=&#8221;.vc_custom_1486497597861{margin-top: 0px !important;margin-bottom: 0px !important;padding-top: 24px !important;padding-bottom: 40px !important;}&#8221;][vc_column width=&#8221;2\/3&#8243; el_class=&#8221;center&#8221;][vc_column_text] Book directly on our website. [\/vc_column_text][\/vc_column][vc_column width=&#8221;1\/3&#8243; el_class=&#8221;center&#8221;][\/vc_column][\/vc_row][vc_row][vc_column][\/vc_column][\/vc_row][vc_row][vc_column][vc_column_text] [\/vc_column_text][\/vc_column][\/vc_row][vc_row full_width=&#8221;stretch_row&#8221; css=&#8221;.vc_custom_1491593572483{margin-bottom: 0px !important;padding-top: 20px !important;}&#8221;][vc_column][vc_column_text][\/vc_column_text][\/vc_column][\/vc_row]\" \/>\n<meta property=\"og:url\" content=\"https:\/\/www.bellacamboriu.com.br\/en\/rates-and-reservations\/\" \/>\n<meta property=\"og:site_name\" content=\"Hotel Bella Cambori\u00fa\" \/>\n<meta property=\"article:modified_time\" content=\"2025-10-17T20:04:10+00:00\" \/>\n<meta name=\"twitter:card\" content=\"summary_large_image\" \/>\n<meta name=\"twitter:label1\" content=\"Est. reading time\" \/>\n\t<meta name=\"twitter:data1\" content=\"5 minutes\" \/>\n<script type=\"application\/ld+json\" class=\"yoast-schema-graph\">{\"@context\":\"https:\/\/schema.org\",\"@graph\":[{\"@type\":\"WebPage\",\"@id\":\"https:\/\/www.bellacamboriu.com.br\/en\/rates-and-reservations\/\",\"url\":\"https:\/\/www.bellacamboriu.com.br\/en\/rates-and-reservations\/\",\"name\":\"Rates and Reservations - Hotel Bella Cambori\u00fa\",\"isPartOf\":{\"@id\":\"https:\/\/www.bellacamboriu.com.br\/#website\"},\"datePublished\":\"2017-04-11T19:53:10+00:00\",\"dateModified\":\"2025-10-17T20:04:10+00:00\",\"breadcrumb\":{\"@id\":\"https:\/\/www.bellacamboriu.com.br\/en\/rates-and-reservations\/#breadcrumb\"},\"inLanguage\":\"en-US\",\"potentialAction\":[{\"@type\":\"ReadAction\",\"target\":[\"https:\/\/www.bellacamboriu.com.br\/en\/rates-and-reservations\/\"]}]},{\"@type\":\"BreadcrumbList\",\"@id\":\"https:\/\/www.bellacamboriu.com.br\/en\/rates-and-reservations\/#breadcrumb\",\"itemListElement\":[{\"@type\":\"ListItem\",\"position\":1,\"name\":\"In\u00edcio\",\"item\":\"https:\/\/www.bellacamboriu.com.br\/en\/\"},{\"@type\":\"ListItem\",\"position\":2,\"name\":\"Rates and Reservations\"}]},{\"@type\":\"WebSite\",\"@id\":\"https:\/\/www.bellacamboriu.com.br\/#website\",\"url\":\"https:\/\/www.bellacamboriu.com.br\/\",\"name\":\"Hotel Bella Cambori\u00fa\",\"description\":\"\",\"potentialAction\":[{\"@type\":\"SearchAction\",\"target\":{\"@type\":\"EntryPoint\",\"urlTemplate\":\"https:\/\/www.bellacamboriu.com.br\/?s={search_term_string}\"},\"query-input\":{\"@type\":\"PropertyValueSpecification\",\"valueRequired\":true,\"valueName\":\"search_term_string\"}}],\"inLanguage\":\"en-US\"}]}<\/script>\n<!-- \/ Yoast SEO plugin. -->","yoast_head_json":{"title":"Rates and Reservations - Hotel Bella Cambori\u00fa","robots":{"index":"index","follow":"follow","max-snippet":"max-snippet:-1","max-image-preview":"max-image-preview:large","max-video-preview":"max-video-preview:-1"},"canonical":"https:\/\/www.bellacamboriu.com.br\/en\/rates-and-reservations\/","og_locale":"en_US","og_type":"article","og_title":"Rates and Reservations - Hotel Bella Cambori\u00fa","og_description":"[vc_row enable_overlay=&#8221;off&#8221; seperator_enable=&#8221;off&#8221; css=&#8221;.vc_custom_1486497597861{margin-top: 0px !important;margin-bottom: 0px !important;padding-top: 24px !important;padding-bottom: 40px !important;}&#8221;][vc_column width=&#8221;2\/3&#8243; el_class=&#8221;center&#8221;][vc_column_text] Book directly on our website. [\/vc_column_text][\/vc_column][vc_column width=&#8221;1\/3&#8243; el_class=&#8221;center&#8221;][\/vc_column][\/vc_row][vc_row][vc_column][\/vc_column][\/vc_row][vc_row][vc_column][vc_column_text] [\/vc_column_text][\/vc_column][\/vc_row][vc_row full_width=&#8221;stretch_row&#8221; css=&#8221;.vc_custom_1491593572483{margin-bottom: 0px !important;padding-top: 20px !important;}&#8221;][vc_column][vc_column_text][\/vc_column_text][\/vc_column][\/vc_row]","og_url":"https:\/\/www.bellacamboriu.com.br\/en\/rates-and-reservations\/","og_site_name":"Hotel Bella Cambori\u00fa","article_modified_time":"2025-10-17T20:04:10+00:00","twitter_card":"summary_large_image","twitter_misc":{"Est. reading time":"5 minutes"},"schema":{"@context":"https:\/\/schema.org","@graph":[{"@type":"WebPage","@id":"https:\/\/www.bellacamboriu.com.br\/en\/rates-and-reservations\/","url":"https:\/\/www.bellacamboriu.com.br\/en\/rates-and-reservations\/","name":"Rates and Reservations - Hotel Bella Cambori\u00fa","isPartOf":{"@id":"https:\/\/www.bellacamboriu.com.br\/#website"},"datePublished":"2017-04-11T19:53:10+00:00","dateModified":"2025-10-17T20:04:10+00:00","breadcrumb":{"@id":"https:\/\/www.bellacamboriu.com.br\/en\/rates-and-reservations\/#breadcrumb"},"inLanguage":"en-US","potentialAction":[{"@type":"ReadAction","target":["https:\/\/www.bellacamboriu.com.br\/en\/rates-and-reservations\/"]}]},{"@type":"BreadcrumbList","@id":"https:\/\/www.bellacamboriu.com.br\/en\/rates-and-reservations\/#breadcrumb","itemListElement":[{"@type":"ListItem","position":1,"name":"In\u00edcio","item":"https:\/\/www.bellacamboriu.com.br\/en\/"},{"@type":"ListItem","position":2,"name":"Rates and Reservations"}]},{"@type":"WebSite","@id":"https:\/\/www.bellacamboriu.com.br\/#website","url":"https:\/\/www.bellacamboriu.com.br\/","name":"Hotel Bella Cambori\u00fa","description":"","potentialAction":[{"@type":"SearchAction","target":{"@type":"EntryPoint","urlTemplate":"https:\/\/www.bellacamboriu.com.br\/?s={search_term_string}"},"query-input":{"@type":"PropertyValueSpecification","valueRequired":true,"valueName":"search_term_string"}}],"inLanguage":"en-US"}]}},"_links":{"self":[{"href":"https:\/\/www.bellacamboriu.com.br\/en\/wp-json\/wp\/v2\/pages\/24437","targetHints":{"allow":["GET"]}}],"collection":[{"href":"https:\/\/www.bellacamboriu.com.br\/en\/wp-json\/wp\/v2\/pages"}],"about":[{"href":"https:\/\/www.bellacamboriu.com.br\/en\/wp-json\/wp\/v2\/types\/page"}],"author":[{"embeddable":true,"href":"https:\/\/www.bellacamboriu.com.br\/en\/wp-json\/wp\/v2\/users\/1"}],"replies":[{"embeddable":true,"href":"https:\/\/www.bellacamboriu.com.br\/en\/wp-json\/wp\/v2\/comments?post=24437"}],"version-history":[{"count":20,"href":"https:\/\/www.bellacamboriu.com.br\/en\/wp-json\/wp\/v2\/pages\/24437\/revisions"}],"predecessor-version":[{"id":49376,"href":"https:\/\/www.bellacamboriu.com.br\/en\/wp-json\/wp\/v2\/pages\/24437\/revisions\/49376"}],"wp:attachment":[{"href":"https:\/\/www.bellacamboriu.com.br\/en\/wp-json\/wp\/v2\/media?parent=24437"}],"curies":[{"name":"wp","href":"https:\/\/api.w.org\/{rel}","templated":true}]}}