{"id":24337,"date":"2015-02-26T13:20:22","date_gmt":"2015-02-26T13:20:22","guid":{"rendered":"http:\/\/www.bellacamboriu.com.br\/es\/contato-localizacao\/"},"modified":"2025-10-20T17:09:50","modified_gmt":"2025-10-20T20:09:50","slug":"contato-localizacao","status":"publish","type":"page","link":"https:\/\/www.bellacamboriu.com.br\/es\/contato-localizacao\/","title":{"rendered":"Contacto \/ Ubicaci\u00f3n"},"content":{"rendered":"<div class=\"wpb-content-wrapper\"><p>[vc_row full_width=&#8221;stretch_row_content_no_spaces&#8221;][vc_column][vc_gmaps link=&#8221;#E-8_JTNDaWZyYW1lJTIwc3JjJTNEJTIyaHR0cHMlM0ElMkYlMkZ3d3cuZ29vZ2xlLmNvbSUyRm1hcHMlMkZlbWJlZCUzRnBiJTNEJTIxMW0xOCUyMTFtMTIlMjExbTMlMjExZDE3NzcuNjk3ODcwOTg3OTI0MyUyMTJkLTQ4LjYzNzQyODAzODI3MiUyMTNkLTI2Ljk4NjAyODQ2MzQ5MTc3JTIxMm0zJTIxMWYwJTIxMmYwJTIxM2YwJTIxM20yJTIxMWkxMDI0JTIxMmk3NjglMjE0ZjEzLjElMjEzbTMlMjExbTIlMjExczB4OTRkOGI2MDEwM2NkZTJjMyUyNTNBMHhkZDE2MWFiMGU0NWU0MjhhJTIxMnNIb3RlbCUyQkJlbGxhJTJCQ2FtYm9yaSUyNUMzJTI1QkElMjE1ZTAlMjEzbTIlMjExc3B0LUJSJTIxMnNiciUyMTR2MTQ5MzE0NDUwNDcyNCUyMiUyMHdpZHRoJTNEJTIyNjAwJTIyJTIwaGVpZ2h0JTNEJTIyNDUwJTIyJTIwZnJhbWVib3JkZXIlM0QlMjIwJTIyJTIwc3R5bGUlM0QlMjJib3JkZXIlM0EwJTIyJTIwYWxsb3dmdWxsc2NyZWVuJTNFJTNDJTJGaWZyYW1lJTNF&#8221; css=&#8221;.vc_custom_1493144512255{margin-top: 0px !important;margin-bottom: 0px !important;}&#8221;][\/vc_column][\/vc_row][vc_row][vc_column width=&#8221;1\/2&#8243;]<h3 class=\"boc_heading  al_left  bgr_dotted  boc_animate_when_almost_visible boc_left-to-right\"  style=\"margin-bottom: 20px;margin-top: 0px;color: #333333;\"><span><strong>Ubicaci\u00f3n<\/strong><\/span><\/h3>[vc_column_text css_animation=&#8221;boc_animate_when_almost_visible boc_left-to-right&#8221;]Calle 501, 30\u00a0&#8211;\u00a0Centro<br \/>\nBalne\u00e1rio Cambori\u00fa &#8211; SC[\/vc_column_text]<div class=\"boc_icon_holder boc_icon_size_normal boc_icon_pos_left wpb_animate_when_almost_visible wpb_left-to-right \" style=\"\"><span class=\"boc_icon icon icon-phone3\" style=\"color:#333333;\"><\/span><\/div><h4 class=\"boc_heading  al_left  boc_animate_when_almost_visible boc_left-to-right\"  style=\"margin-bottom: 20px;margin-top: 0px;color: #333;\"><span>+55 47 3367-1005<\/span><\/h4><div class=\"boc_icon_holder boc_icon_size_normal boc_icon_pos_left wpb_animate_when_almost_visible wpb_left-to-right \" style=\"\"><span class=\"boc_icon icon icon-mobile3\" style=\"color:#333333;\"><\/span><\/div><h4 class=\"boc_heading  al_left  boc_animate_when_almost_visible boc_left-to-right\"  style=\"margin-bottom: 20px;margin-top: 0px;color: #333;\"><span><a href=\"https:\/\/web.whatsapp.com\/send?phone=5547992615595\">+55 47 99261-5595 (WhatsApp)<\/a><\/span><\/h4><div class=\"boc_icon_holder boc_icon_size_normal boc_icon_pos_left wpb_animate_when_almost_visible wpb_left-to-right \" style=\"\"><span class=\"boc_icon icon icon-mail2\" style=\"color:#333333;\"><\/span><\/div><h4 class=\"boc_heading  al_left  boc_animate_when_almost_visible boc_left-to-right\"  style=\"margin-bottom: 20px;margin-top: 0px;color: #333;\"><span>hotel@bellacamboriu.com.br<\/span><\/h4><div class=\"boc_spacing \" style=\"height: 20px\"><\/div>[\/vc_column][vc_column width=&#8221;1\/2&#8243;]<h3 class=\"boc_heading  al_left  bgr_dotted  boc_animate_when_almost_visible boc_left-to-right\"  style=\"margin-bottom: 20px;margin-top: 0px;color: #333333;\"><span>Central de <strong>Reservas<\/strong><\/span><\/h3>[vc_column_text css=&#8221;&#8221; css_animation=&#8221;boc_animate_when_almost_visible boc_left-to-right&#8221;]Atendemos de lunes a viernes, das 08:00 \u00e0s 19:00 horas.<br \/>\nLos s\u00e1bados de 08:00 \u00e0s 16:20 horas.[\/vc_column_text]<div class=\"boc_icon_holder boc_icon_size_normal boc_icon_pos_left wpb_animate_when_almost_visible wpb_left-to-right \" style=\"\"><span class=\"boc_icon icon icon-phone3\" style=\"color:#333333;\"><\/span><\/div><h4 class=\"boc_heading  al_left  boc_animate_when_almost_visible boc_left-to-right\"  style=\"margin-bottom: 20px;margin-top: 0px;color: #333;\"><span>+55 47 3367-1005<\/span><\/h4>[vc_column_text css_animation=&#8221;boc_animate_when_almost_visible boc_left-to-right&#8221;]Fuera del horario de atendimiento de la central de reserva haga su <a href=\"https:\/\/book.omnibees.com\/hotelresults?q=5694\" target=\"_blank\" rel=\"noopener noreferrer\">reserva on-line<\/a> directamente en nuestro sitio web o env\u00edenos un correo electr\u00f3nico: <a href=\"mailto:hotel@bellacamboriu.com.br\" target=\"_blank\" rel=\"noopener noreferrer\">hotel@bellacamboriu.com.br<\/a>[\/vc_column_text]<h3 class=\"boc_heading  al_left  bgr_dotted  boc_animate_when_almost_visible boc_left-to-right\"  style=\"margin-bottom: 20px;margin-top: 0px;color: #333333;\"><span>Agencia \/ <strong>Grupos de Viaje<\/strong><\/span><\/h3>[vc_column_text css_animation=&#8221;boc_animate_when_almost_visible boc_left-to-right&#8221;]Servicio para agencias de viajes y reservas para grupos (m\u00e1s de 20 personas):<br \/>\nEnvie su mensaje: <a href=\"mailto:comercial@bellacamboriu.com.br\" target=\"_blank\" rel=\"noopener noreferrer\">comercial@bellacamboriu.com.br<\/a>[\/vc_column_text][\/vc_column][\/vc_row][vc_row full_width=&#8221;stretch_row&#8221; bg_type=&#8221;bg_color&#8221; enable_overlay=&#8221;enable_overlay_value&#8221; overlay_color=&#8221;#003c1e&#8221; bg_color_value=&#8221;#003c1e&#8221; el_class=&#8221;white_text&#8221; css=&#8221;.vc_custom_1489442896314{margin-bottom: 0px !important;padding-top: 24px !important;padding-bottom: 24px !important;}&#8221;][vc_column]<div class=\"text_box  box_no_bgr \"><div class=\"text_box_content with_button\"><h2>HAGA SU RESERVA AHORA!<\/h2>\r\n\t\t\t\t\t<p><\/p>\r\n\t\t\t\t<\/div><div class=\"btn_holder\"><a\thref=\"https:\/\/book.omnibees.com\/hotelresults?q=5694\" \r\n\t\t\t\t\tclass=\"button  btn_medium_stretched btn_theme_color btn_circled btn_normal_style  \"  target='_self'><span>Reserva Online<\/span><\/a><\/div><\/div>[\/vc_column][\/vc_row]<\/p>\n<\/div>","protected":false},"excerpt":{"rendered":"<p>[vc_row full_width=&#8221;stretch_row_content_no_spaces&#8221;][vc_column][vc_gmaps link=&#8221;#E-8_JTNDaWZyYW1lJTIwc3JjJTNEJTIyaHR0cHMlM0ElMkYlMkZ3d3cuZ29vZ2xlLmNvbSUyRm1hcHMlMkZlbWJlZCUzRnBiJTNEJTIxMW0xOCUyMTFtMTIlMjExbTMlMjExZDE3NzcuNjk3ODcwOTg3OTI0MyUyMTJkLTQ4LjYzNzQyODAzODI3MiUyMTNkLTI2Ljk4NjAyODQ2MzQ5MTc3JTIxMm0zJTIxMWYwJTIxMmYwJTIxM2YwJTIxM20yJTIxMWkxMDI0JTIxMmk3NjglMjE0ZjEzLjElMjEzbTMlMjExbTIlMjExczB4OTRkOGI2MDEwM2NkZTJjMyUyNTNBMHhkZDE2MWFiMGU0NWU0MjhhJTIxMnNIb3RlbCUyQkJlbGxhJTJCQ2FtYm9yaSUyNUMzJTI1QkElMjE1ZTAlMjEzbTIlMjExc3B0LUJSJTIxMnNiciUyMTR2MTQ5MzE0NDUwNDcyNCUyMiUyMHdpZHRoJTNEJTIyNjAwJTIyJTIwaGVpZ2h0JTNEJTIyNDUwJTIyJTIwZnJhbWVib3JkZXIlM0QlMjIwJTIyJTIwc3R5bGUlM0QlMjJib3JkZXIlM0EwJTIyJTIwYWxsb3dmdWxsc2NyZWVuJTNFJTNDJTJGaWZyYW1lJTNF&#8221; css=&#8221;.vc_custom_1493144512255{margin-top: 0px !important;margin-bottom: 0px !important;}&#8221;][\/vc_column][\/vc_row][vc_row][vc_column width=&#8221;1\/2&#8243;][vc_column_text css_animation=&#8221;boc_animate_when_almost_visible boc_left-to-right&#8221;]Calle 501, 30\u00a0&#8211;\u00a0Centro Balne\u00e1rio Cambori\u00fa &#8211; SC[\/vc_column_text][\/vc_column][vc_column width=&#8221;1\/2&#8243;][vc_column_text css=&#8221;&#8221; css_animation=&#8221;boc_animate_when_almost_visible boc_left-to-right&#8221;]Atendemos de lunes a viernes, das 08:00 \u00e0s 19:00 horas. Los s\u00e1bados de 08:00 \u00e0s 16:20 horas.[\/vc_column_text][vc_column_text css_animation=&#8221;boc_animate_when_almost_visible boc_left-to-right&#8221;]Fuera del horario de atendimiento de la central de reserva haga su reserva on-line directamente en nuestro sitio web o env\u00edenos un<\/p>\n<div class=\"h10\"><\/div>\n<p><a class=\"more-link1\" href=\"https:\/\/www.bellacamboriu.com.br\/es\/contato-localizacao\/\">Read more<\/a><\/p>\n","protected":false},"author":1,"featured_media":0,"parent":0,"menu_order":0,"comment_status":"closed","ping_status":"closed","template":"","meta":{"_monsterinsights_skip_tracking":false,"_monsterinsights_sitenote_active":false,"_monsterinsights_sitenote_note":"","_monsterinsights_sitenote_category":0,"footnotes":""},"class_list":["post-24337","page","type-page","status-publish","hentry"],"yoast_head":"<!-- This site is optimized with the Yoast SEO plugin v26.1.1 - https:\/\/yoast.com\/wordpress\/plugins\/seo\/ -->\n<title>Contacto \/ Ubicaci\u00f3n - Hotel Bella Cambori\u00fa<\/title>\n<meta name=\"robots\" content=\"index, follow, max-snippet:-1, max-image-preview:large, max-video-preview:-1\" \/>\n<link rel=\"canonical\" href=\"https:\/\/www.bellacamboriu.com.br\/es\/contato-localizacao\/\" \/>\n<meta property=\"og:locale\" content=\"es_ES\" \/>\n<meta property=\"og:type\" content=\"article\" \/>\n<meta property=\"og:title\" content=\"Contacto \/ Ubicaci\u00f3n - Hotel Bella Cambori\u00fa\" \/>\n<meta property=\"og:description\" content=\"[vc_row full_width=&#8221;stretch_row_content_no_spaces&#8221;][vc_column][vc_gmaps link=&#8221;#E-8_JTNDaWZyYW1lJTIwc3JjJTNEJTIyaHR0cHMlM0ElMkYlMkZ3d3cuZ29vZ2xlLmNvbSUyRm1hcHMlMkZlbWJlZCUzRnBiJTNEJTIxMW0xOCUyMTFtMTIlMjExbTMlMjExZDE3NzcuNjk3ODcwOTg3OTI0MyUyMTJkLTQ4LjYzNzQyODAzODI3MiUyMTNkLTI2Ljk4NjAyODQ2MzQ5MTc3JTIxMm0zJTIxMWYwJTIxMmYwJTIxM2YwJTIxM20yJTIxMWkxMDI0JTIxMmk3NjglMjE0ZjEzLjElMjEzbTMlMjExbTIlMjExczB4OTRkOGI2MDEwM2NkZTJjMyUyNTNBMHhkZDE2MWFiMGU0NWU0MjhhJTIxMnNIb3RlbCUyQkJlbGxhJTJCQ2FtYm9yaSUyNUMzJTI1QkElMjE1ZTAlMjEzbTIlMjExc3B0LUJSJTIxMnNiciUyMTR2MTQ5MzE0NDUwNDcyNCUyMiUyMHdpZHRoJTNEJTIyNjAwJTIyJTIwaGVpZ2h0JTNEJTIyNDUwJTIyJTIwZnJhbWVib3JkZXIlM0QlMjIwJTIyJTIwc3R5bGUlM0QlMjJib3JkZXIlM0EwJTIyJTIwYWxsb3dmdWxsc2NyZWVuJTNFJTNDJTJGaWZyYW1lJTNF&#8221; css=&#8221;.vc_custom_1493144512255{margin-top: 0px !important;margin-bottom: 0px !important;}&#8221;][\/vc_column][\/vc_row][vc_row][vc_column width=&#8221;1\/2&#8243;][vc_column_text css_animation=&#8221;boc_animate_when_almost_visible boc_left-to-right&#8221;]Calle 501, 30\u00a0&#8211;\u00a0Centro Balne\u00e1rio Cambori\u00fa &#8211; SC[\/vc_column_text][\/vc_column][vc_column width=&#8221;1\/2&#8243;][vc_column_text css=&#8221;&#8221; css_animation=&#8221;boc_animate_when_almost_visible boc_left-to-right&#8221;]Atendemos de lunes a viernes, das 08:00 \u00e0s 19:00 horas. Los s\u00e1bados de 08:00 \u00e0s 16:20 horas.[\/vc_column_text][vc_column_text css_animation=&#8221;boc_animate_when_almost_visible boc_left-to-right&#8221;]Fuera del horario de atendimiento de la central de reserva haga su reserva on-line directamente en nuestro sitio web o env\u00edenos unRead more\" \/>\n<meta property=\"og:url\" content=\"https:\/\/www.bellacamboriu.com.br\/es\/contato-localizacao\/\" \/>\n<meta property=\"og:site_name\" content=\"Hotel Bella Cambori\u00fa\" \/>\n<meta property=\"article:modified_time\" content=\"2025-10-20T20:09:50+00:00\" \/>\n<meta name=\"twitter:card\" content=\"summary_large_image\" \/>\n<meta name=\"twitter:label1\" content=\"Est. reading time\" \/>\n\t<meta name=\"twitter:data1\" content=\"1 minute\" \/>\n<script type=\"application\/ld+json\" class=\"yoast-schema-graph\">{\"@context\":\"https:\/\/schema.org\",\"@graph\":[{\"@type\":\"WebPage\",\"@id\":\"https:\/\/www.bellacamboriu.com.br\/es\/contato-localizacao\/\",\"url\":\"https:\/\/www.bellacamboriu.com.br\/es\/contato-localizacao\/\",\"name\":\"Contacto \/ Ubicaci\u00f3n - Hotel Bella Cambori\u00fa\",\"isPartOf\":{\"@id\":\"https:\/\/www.bellacamboriu.com.br\/#website\"},\"datePublished\":\"2015-02-26T13:20:22+00:00\",\"dateModified\":\"2025-10-20T20:09:50+00:00\",\"breadcrumb\":{\"@id\":\"https:\/\/www.bellacamboriu.com.br\/es\/contato-localizacao\/#breadcrumb\"},\"inLanguage\":\"es-ES\",\"potentialAction\":[{\"@type\":\"ReadAction\",\"target\":[\"https:\/\/www.bellacamboriu.com.br\/es\/contato-localizacao\/\"]}]},{\"@type\":\"BreadcrumbList\",\"@id\":\"https:\/\/www.bellacamboriu.com.br\/es\/contato-localizacao\/#breadcrumb\",\"itemListElement\":[{\"@type\":\"ListItem\",\"position\":1,\"name\":\"In\u00edcio\",\"item\":\"https:\/\/www.bellacamboriu.com.br\/es\/\"},{\"@type\":\"ListItem\",\"position\":2,\"name\":\"Contacto \/ Ubicaci\u00f3n\"}]},{\"@type\":\"WebSite\",\"@id\":\"https:\/\/www.bellacamboriu.com.br\/#website\",\"url\":\"https:\/\/www.bellacamboriu.com.br\/\",\"name\":\"Hotel Bella Cambori\u00fa\",\"description\":\"\",\"potentialAction\":[{\"@type\":\"SearchAction\",\"target\":{\"@type\":\"EntryPoint\",\"urlTemplate\":\"https:\/\/www.bellacamboriu.com.br\/?s={search_term_string}\"},\"query-input\":{\"@type\":\"PropertyValueSpecification\",\"valueRequired\":true,\"valueName\":\"search_term_string\"}}],\"inLanguage\":\"es-ES\"}]}<\/script>\n<!-- \/ Yoast SEO plugin. -->","yoast_head_json":{"title":"Contacto \/ Ubicaci\u00f3n - Hotel Bella Cambori\u00fa","robots":{"index":"index","follow":"follow","max-snippet":"max-snippet:-1","max-image-preview":"max-image-preview:large","max-video-preview":"max-video-preview:-1"},"canonical":"https:\/\/www.bellacamboriu.com.br\/es\/contato-localizacao\/","og_locale":"es_ES","og_type":"article","og_title":"Contacto \/ Ubicaci\u00f3n - Hotel Bella Cambori\u00fa","og_description":"[vc_row full_width=&#8221;stretch_row_content_no_spaces&#8221;][vc_column][vc_gmaps link=&#8221;#E-8_JTNDaWZyYW1lJTIwc3JjJTNEJTIyaHR0cHMlM0ElMkYlMkZ3d3cuZ29vZ2xlLmNvbSUyRm1hcHMlMkZlbWJlZCUzRnBiJTNEJTIxMW0xOCUyMTFtMTIlMjExbTMlMjExZDE3NzcuNjk3ODcwOTg3OTI0MyUyMTJkLTQ4LjYzNzQyODAzODI3MiUyMTNkLTI2Ljk4NjAyODQ2MzQ5MTc3JTIxMm0zJTIxMWYwJTIxMmYwJTIxM2YwJTIxM20yJTIxMWkxMDI0JTIxMmk3NjglMjE0ZjEzLjElMjEzbTMlMjExbTIlMjExczB4OTRkOGI2MDEwM2NkZTJjMyUyNTNBMHhkZDE2MWFiMGU0NWU0MjhhJTIxMnNIb3RlbCUyQkJlbGxhJTJCQ2FtYm9yaSUyNUMzJTI1QkElMjE1ZTAlMjEzbTIlMjExc3B0LUJSJTIxMnNiciUyMTR2MTQ5MzE0NDUwNDcyNCUyMiUyMHdpZHRoJTNEJTIyNjAwJTIyJTIwaGVpZ2h0JTNEJTIyNDUwJTIyJTIwZnJhbWVib3JkZXIlM0QlMjIwJTIyJTIwc3R5bGUlM0QlMjJib3JkZXIlM0EwJTIyJTIwYWxsb3dmdWxsc2NyZWVuJTNFJTNDJTJGaWZyYW1lJTNF&#8221; css=&#8221;.vc_custom_1493144512255{margin-top: 0px !important;margin-bottom: 0px !important;}&#8221;][\/vc_column][\/vc_row][vc_row][vc_column width=&#8221;1\/2&#8243;][vc_column_text css_animation=&#8221;boc_animate_when_almost_visible boc_left-to-right&#8221;]Calle 501, 30\u00a0&#8211;\u00a0Centro Balne\u00e1rio Cambori\u00fa &#8211; SC[\/vc_column_text][\/vc_column][vc_column width=&#8221;1\/2&#8243;][vc_column_text css=&#8221;&#8221; css_animation=&#8221;boc_animate_when_almost_visible boc_left-to-right&#8221;]Atendemos de lunes a viernes, das 08:00 \u00e0s 19:00 horas. Los s\u00e1bados de 08:00 \u00e0s 16:20 horas.[\/vc_column_text][vc_column_text css_animation=&#8221;boc_animate_when_almost_visible boc_left-to-right&#8221;]Fuera del horario de atendimiento de la central de reserva haga su reserva on-line directamente en nuestro sitio web o env\u00edenos unRead more","og_url":"https:\/\/www.bellacamboriu.com.br\/es\/contato-localizacao\/","og_site_name":"Hotel Bella Cambori\u00fa","article_modified_time":"2025-10-20T20:09:50+00:00","twitter_card":"summary_large_image","twitter_misc":{"Est. reading time":"1 minute"},"schema":{"@context":"https:\/\/schema.org","@graph":[{"@type":"WebPage","@id":"https:\/\/www.bellacamboriu.com.br\/es\/contato-localizacao\/","url":"https:\/\/www.bellacamboriu.com.br\/es\/contato-localizacao\/","name":"Contacto \/ Ubicaci\u00f3n - Hotel Bella Cambori\u00fa","isPartOf":{"@id":"https:\/\/www.bellacamboriu.com.br\/#website"},"datePublished":"2015-02-26T13:20:22+00:00","dateModified":"2025-10-20T20:09:50+00:00","breadcrumb":{"@id":"https:\/\/www.bellacamboriu.com.br\/es\/contato-localizacao\/#breadcrumb"},"inLanguage":"es-ES","potentialAction":[{"@type":"ReadAction","target":["https:\/\/www.bellacamboriu.com.br\/es\/contato-localizacao\/"]}]},{"@type":"BreadcrumbList","@id":"https:\/\/www.bellacamboriu.com.br\/es\/contato-localizacao\/#breadcrumb","itemListElement":[{"@type":"ListItem","position":1,"name":"In\u00edcio","item":"https:\/\/www.bellacamboriu.com.br\/es\/"},{"@type":"ListItem","position":2,"name":"Contacto \/ Ubicaci\u00f3n"}]},{"@type":"WebSite","@id":"https:\/\/www.bellacamboriu.com.br\/#website","url":"https:\/\/www.bellacamboriu.com.br\/","name":"Hotel Bella Cambori\u00fa","description":"","potentialAction":[{"@type":"SearchAction","target":{"@type":"EntryPoint","urlTemplate":"https:\/\/www.bellacamboriu.com.br\/?s={search_term_string}"},"query-input":{"@type":"PropertyValueSpecification","valueRequired":true,"valueName":"search_term_string"}}],"inLanguage":"es-ES"}]}},"_links":{"self":[{"href":"https:\/\/www.bellacamboriu.com.br\/es\/wp-json\/wp\/v2\/pages\/24337","targetHints":{"allow":["GET"]}}],"collection":[{"href":"https:\/\/www.bellacamboriu.com.br\/es\/wp-json\/wp\/v2\/pages"}],"about":[{"href":"https:\/\/www.bellacamboriu.com.br\/es\/wp-json\/wp\/v2\/types\/page"}],"author":[{"embeddable":true,"href":"https:\/\/www.bellacamboriu.com.br\/es\/wp-json\/wp\/v2\/users\/1"}],"replies":[{"embeddable":true,"href":"https:\/\/www.bellacamboriu.com.br\/es\/wp-json\/wp\/v2\/comments?post=24337"}],"version-history":[{"count":22,"href":"https:\/\/www.bellacamboriu.com.br\/es\/wp-json\/wp\/v2\/pages\/24337\/revisions"}],"predecessor-version":[{"id":49478,"href":"https:\/\/www.bellacamboriu.com.br\/es\/wp-json\/wp\/v2\/pages\/24337\/revisions\/49478"}],"wp:attachment":[{"href":"https:\/\/www.bellacamboriu.com.br\/es\/wp-json\/wp\/v2\/media?parent=24337"}],"curies":[{"name":"wp","href":"https:\/\/api.w.org\/{rel}","templated":true}]}}